{"id":5687,"date":"2023-10-23T18:00:20","date_gmt":"2023-10-23T18:00:20","guid":{"rendered":"https:\/\/boucherie.vamtam.com\/?page_id=5687"},"modified":"2026-04-07T23:50:02","modified_gmt":"2026-04-07T23:50:02","slug":"om-os","status":"publish","type":"page","link":"https:\/\/www.sommersocials.dk\/?page_id=5687","title":{"rendered":"Om os"},"content":{"rendered":"\t\t<div data-elementor-type=\"wp-page\" data-elementor-id=\"5687\" class=\"elementor elementor-5687\" data-elementor-post-type=\"page\">\n\t\t\t\t\t\t<section class=\"elementor-section elementor-top-section elementor-element elementor-element-dec58c2 elementor-section-boxed elementor-section-height-default elementor-section-height-default\" data-id=\"dec58c2\" data-element_type=\"section\" data-e-type=\"section\">\n\t\t\t\t\t\t<div class=\"elementor-container elementor-column-gap-no\">\n\t\t\t\t\t<div class=\"elementor-column elementor-col-50 elementor-top-column elementor-element elementor-element-105e64e\" data-id=\"105e64e\" data-element_type=\"column\" data-e-type=\"column\">\n\t\t\t<div class=\"elementor-widget-wrap elementor-element-populated\">\n\t\t\t\t\t\t<div class=\"elementor-element elementor-element-da9c1c8 elementor-widget__width-initial elementor-invisible elementor-widget elementor-widget-heading\" data-id=\"da9c1c8\" data-element_type=\"widget\" data-e-type=\"widget\" data-settings=\"{&quot;_animation&quot;:&quot;fadeIn&quot;,&quot;_animation_tablet&quot;:&quot;none&quot;,&quot;_animation_delay&quot;:200}\" data-widget_type=\"heading.default\">\n\t\t\t\t<div class=\"elementor-widget-container\">\n\t\t\t\t\t<h2 class=\"elementor-heading-title elementor-size-default\">Om Sommer Socials<\/h2>\t\t\t\t<\/div>\n\t\t\t\t<\/div>\n\t\t\t\t<div class=\"vamtam-has-theme-widget-styles elementor-element elementor-element-c545e38 elementor-widget__width-initial elementor-widget elementor-widget-text-editor\" data-id=\"c545e38\" data-element_type=\"widget\" data-e-type=\"widget\" data-widget_type=\"text-editor.default\">\n\t\t\t\t<div class=\"elementor-widget-container\">\n\t\t\t\t\t\t\t\t\t<p>Sommer Socials er stiftet og drevet af Frederik Sommer, med afs\u00e6t i en st\u00e6rk baggrund fra Skage Fiskerestaurant \u2013 et brand kendt for sin kompromisl\u00f8se tilgang til kvalitet og g\u00e6steoplevelser.<br \/><br \/>Med en solid forst\u00e5else for hospitality og respekt for de klassiske dyder, kombineret med et skarpt blik fpr udviklingen i markedet, er ambitionen klar:<br \/><br \/>At skabe et univers, hvor eksklusivitet, kuraterede oplevelser og de rigtige mennesker m\u00f8des. Det handler om at v\u00e6rne om det gode v\u00e6rtskab \u2013 og samtidig turde nyt\u00e6nke, hvordan vi m\u00f8des.<\/p>\t\t\t\t\t\t\t\t<\/div>\n\t\t\t\t<\/div>\n\t\t\t\t\t<\/div>\n\t\t<\/div>\n\t\t\t\t<div class=\"elementor-column elementor-col-25 elementor-top-column elementor-element elementor-element-ab74efc\" data-id=\"ab74efc\" data-element_type=\"column\" data-e-type=\"column\">\n\t\t\t<div class=\"elementor-widget-wrap elementor-element-populated\">\n\t\t\t\t\t\t<div class=\"elementor-element elementor-element-74d793b elementor-widget elementor-widget-image\" data-id=\"74d793b\" data-element_type=\"widget\" data-e-type=\"widget\" data-settings=\"{&quot;motion_fx_motion_fx_scrolling&quot;:&quot;yes&quot;,&quot;motion_fx_translateY_effect&quot;:&quot;yes&quot;,&quot;motion_fx_translateY_direction&quot;:&quot;negative&quot;,&quot;motion_fx_translateY_speed&quot;:{&quot;unit&quot;:&quot;px&quot;,&quot;size&quot;:1,&quot;sizes&quot;:[]},&quot;motion_fx_devices&quot;:[&quot;desktop&quot;],&quot;motion_fx_translateY_affectedRange&quot;:{&quot;unit&quot;:&quot;%&quot;,&quot;size&quot;:&quot;&quot;,&quot;sizes&quot;:{&quot;start&quot;:0,&quot;end&quot;:100}}}\" data-widget_type=\"image.default\">\n\t\t\t\t<div class=\"elementor-widget-container\">\n\t\t\t\t\t\t\t\t\t\t\t\t\t\t\t<img fetchpriority=\"high\" decoding=\"async\" width=\"1024\" height=\"576\" src=\"https:\/\/www.sommersocials.dk\/wp-content\/uploads\/2026\/03\/DJI_0021-1024x576.jpeg\" class=\"attachment-large size-large wp-image-987675\" alt=\"\" srcset=\"https:\/\/www.sommersocials.dk\/wp-content\/uploads\/2026\/03\/DJI_0021-1024x576.jpeg 1024w, https:\/\/www.sommersocials.dk\/wp-content\/uploads\/2026\/03\/DJI_0021-300x169.jpeg 300w, https:\/\/www.sommersocials.dk\/wp-content\/uploads\/2026\/03\/DJI_0021-768x432.jpeg 768w, https:\/\/www.sommersocials.dk\/wp-content\/uploads\/2026\/03\/DJI_0021-1536x864.jpeg 1536w, https:\/\/www.sommersocials.dk\/wp-content\/uploads\/2026\/03\/DJI_0021-2048x1152.jpeg 2048w\" sizes=\"(max-width: 1024px) 100vw, 1024px\" \/>\t\t\t\t\t\t\t\t\t\t\t\t\t\t\t<\/div>\n\t\t\t\t<\/div>\n\t\t\t\t\t<\/div>\n\t\t<\/div>\n\t\t\t\t<div class=\"elementor-column elementor-col-25 elementor-top-column elementor-element elementor-element-38409f5\" data-id=\"38409f5\" data-element_type=\"column\" data-e-type=\"column\">\n\t\t\t<div class=\"elementor-widget-wrap elementor-element-populated\">\n\t\t\t\t\t\t<div class=\"elementor-element elementor-element-f324366 elementor-widget elementor-widget-image\" data-id=\"f324366\" data-element_type=\"widget\" data-e-type=\"widget\" data-settings=\"{&quot;motion_fx_motion_fx_scrolling&quot;:&quot;yes&quot;,&quot;motion_fx_translateY_effect&quot;:&quot;yes&quot;,&quot;motion_fx_translateY_speed&quot;:{&quot;unit&quot;:&quot;px&quot;,&quot;size&quot;:1,&quot;sizes&quot;:[]},&quot;motion_fx_devices&quot;:[&quot;desktop&quot;],&quot;motion_fx_translateY_affectedRange&quot;:{&quot;unit&quot;:&quot;%&quot;,&quot;size&quot;:&quot;&quot;,&quot;sizes&quot;:{&quot;start&quot;:0,&quot;end&quot;:100}}}\" data-widget_type=\"image.default\">\n\t\t\t\t<div class=\"elementor-widget-container\">\n\t\t\t\t\t\t\t\t\t\t\t\t\t\t\t<img decoding=\"async\" width=\"683\" height=\"1024\" src=\"https:\/\/www.sommersocials.dk\/wp-content\/uploads\/2026\/03\/DSC02850-683x1024.jpg\" class=\"attachment-large size-large wp-image-987757\" alt=\"\" srcset=\"https:\/\/www.sommersocials.dk\/wp-content\/uploads\/2026\/03\/DSC02850-683x1024.jpg 683w, https:\/\/www.sommersocials.dk\/wp-content\/uploads\/2026\/03\/DSC02850-200x300.jpg 200w, https:\/\/www.sommersocials.dk\/wp-content\/uploads\/2026\/03\/DSC02850-768x1152.jpg 768w, https:\/\/www.sommersocials.dk\/wp-content\/uploads\/2026\/03\/DSC02850-1024x1536.jpg 1024w, https:\/\/www.sommersocials.dk\/wp-content\/uploads\/2026\/03\/DSC02850.jpg 1365w\" sizes=\"(max-width: 683px) 100vw, 683px\" \/>\t\t\t\t\t\t\t\t\t\t\t\t\t\t\t<\/div>\n\t\t\t\t<\/div>\n\t\t\t\t\t<\/div>\n\t\t<\/div>\n\t\t\t\t\t<\/div>\n\t\t<\/section>\n\t\t\t\t<section class=\"elementor-section elementor-top-section elementor-element elementor-element-2ad59d7 elementor-section-boxed elementor-section-height-default elementor-section-height-default\" data-id=\"2ad59d7\" data-element_type=\"section\" data-e-type=\"section\">\n\t\t\t\t\t\t<div class=\"elementor-container elementor-column-gap-no\">\n\t\t\t\t\t<div class=\"elementor-column elementor-col-50 elementor-top-column elementor-element elementor-element-5f46def\" data-id=\"5f46def\" data-element_type=\"column\" data-e-type=\"column\">\n\t\t\t<div class=\"elementor-widget-wrap elementor-element-populated\">\n\t\t\t\t\t\t<div class=\"elementor-element elementor-element-1e31b79 elementor-widget elementor-widget-image\" data-id=\"1e31b79\" data-element_type=\"widget\" data-e-type=\"widget\" data-settings=\"{&quot;_animation&quot;:&quot;none&quot;,&quot;_animation_tablet&quot;:&quot;none&quot;,&quot;_animation_delay&quot;:200}\" data-widget_type=\"image.default\">\n\t\t\t\t<div class=\"elementor-widget-container\">\n\t\t\t\t\t\t\t\t\t\t\t\t\t\t\t<img decoding=\"async\" width=\"683\" height=\"1024\" src=\"https:\/\/www.sommersocials.dk\/wp-content\/uploads\/2026\/03\/DSC02776-683x1024.jpg\" class=\"attachment-large size-large wp-image-987752\" alt=\"\" srcset=\"https:\/\/www.sommersocials.dk\/wp-content\/uploads\/2026\/03\/DSC02776-683x1024.jpg 683w, https:\/\/www.sommersocials.dk\/wp-content\/uploads\/2026\/03\/DSC02776-200x300.jpg 200w, https:\/\/www.sommersocials.dk\/wp-content\/uploads\/2026\/03\/DSC02776-768x1152.jpg 768w, https:\/\/www.sommersocials.dk\/wp-content\/uploads\/2026\/03\/DSC02776-1024x1536.jpg 1024w, https:\/\/www.sommersocials.dk\/wp-content\/uploads\/2026\/03\/DSC02776.jpg 1365w\" sizes=\"(max-width: 683px) 100vw, 683px\" \/>\t\t\t\t\t\t\t\t\t\t\t\t\t\t\t<\/div>\n\t\t\t\t<\/div>\n\t\t\t\t<div class=\"elementor-element elementor-element-90f9586 elementor-widget__width-initial e-transform elementor-absolute elementor-widget-divider--view-line elementor-widget elementor-widget-divider\" data-id=\"90f9586\" data-element_type=\"widget\" data-e-type=\"widget\" data-settings=\"{&quot;_transform_rotateZ_effect&quot;:{&quot;unit&quot;:&quot;px&quot;,&quot;size&quot;:90,&quot;sizes&quot;:[]},&quot;_position&quot;:&quot;absolute&quot;,&quot;_transform_rotateZ_effect_tablet&quot;:{&quot;unit&quot;:&quot;deg&quot;,&quot;size&quot;:&quot;&quot;,&quot;sizes&quot;:[]},&quot;_transform_rotateZ_effect_mobile&quot;:{&quot;unit&quot;:&quot;deg&quot;,&quot;size&quot;:&quot;&quot;,&quot;sizes&quot;:[]}}\" data-widget_type=\"divider.default\">\n\t\t\t\t<div class=\"elementor-widget-container\">\n\t\t\t\t\t\t\t<div class=\"elementor-divider\">\n\t\t\t<span class=\"elementor-divider-separator\">\n\t\t\t\t\t\t<\/span>\n\t\t<\/div>\n\t\t\t\t\t\t<\/div>\n\t\t\t\t<\/div>\n\t\t\t\t<div class=\"elementor-element elementor-element-b55f4d8 elementor-invisible elementor-widget elementor-widget-heading\" data-id=\"b55f4d8\" data-element_type=\"widget\" data-e-type=\"widget\" data-settings=\"{&quot;_animation&quot;:&quot;fadeIn&quot;,&quot;_animation_tablet&quot;:&quot;none&quot;,&quot;_animation_delay&quot;:300}\" data-widget_type=\"heading.default\">\n\t\t\t\t<div class=\"elementor-widget-container\">\n\t\t\t\t\t<h2 class=\"elementor-heading-title elementor-size-default\">Vision<\/h2>\t\t\t\t<\/div>\n\t\t\t\t<\/div>\n\t\t\t\t<div class=\"vamtam-has-theme-widget-styles elementor-element elementor-element-036ef9b elementor-widget elementor-widget-text-editor\" data-id=\"036ef9b\" data-element_type=\"widget\" data-e-type=\"widget\" data-widget_type=\"text-editor.default\">\n\t\t\t\t<div class=\"elementor-widget-container\">\n\t\t\t\t\t\t\t\t\t<p><em>Creating unique memorable moments.<br \/><\/em>Det er kernen i alt hvad, vi g\u00f8r.<br \/><br \/>Sommer Socials er skabt ud fra en klar ambition: at skabe unikke oplevelser \u2013 og unikke relationer omkring dem. Vi tror p\u00e5, at de st\u00e6rkeste minder opst\u00e5r i de rette rammer, med de rette mennesker.<br \/><br \/>Derfor er hvert event eksklusivt, med f\u00e5 billetter og n\u00f8je udvalgte g\u00e6ster.<br \/><br \/>Det er ikke for alle.<br \/>Men for dem, der er der \u2013 betyder det noget.<\/p>\t\t\t\t\t\t\t\t<\/div>\n\t\t\t\t<\/div>\n\t\t\t\t\t<\/div>\n\t\t<\/div>\n\t\t\t\t<div class=\"elementor-column elementor-col-50 elementor-top-column elementor-element elementor-element-37ca044\" data-id=\"37ca044\" data-element_type=\"column\" data-e-type=\"column\">\n\t\t\t<div class=\"elementor-widget-wrap elementor-element-populated\">\n\t\t\t\t\t\t<div class=\"elementor-element elementor-element-94cc2d3 elementor-widget elementor-widget-spacer\" data-id=\"94cc2d3\" data-element_type=\"widget\" data-e-type=\"widget\" data-widget_type=\"spacer.default\">\n\t\t\t\t<div class=\"elementor-widget-container\">\n\t\t\t\t\t\t\t<div class=\"elementor-spacer\">\n\t\t\t<div class=\"elementor-spacer-inner\"><\/div>\n\t\t<\/div>\n\t\t\t\t\t\t<\/div>\n\t\t\t\t<\/div>\n\t\t\t\t<div class=\"elementor-element elementor-element-3415d98 elementor-widget elementor-widget-image\" data-id=\"3415d98\" data-element_type=\"widget\" data-e-type=\"widget\" data-settings=\"{&quot;motion_fx_motion_fx_scrolling&quot;:&quot;yes&quot;,&quot;motion_fx_translateY_effect&quot;:&quot;yes&quot;,&quot;motion_fx_translateY_direction&quot;:&quot;negative&quot;,&quot;motion_fx_translateY_speed&quot;:{&quot;unit&quot;:&quot;px&quot;,&quot;size&quot;:2,&quot;sizes&quot;:[]},&quot;motion_fx_translateY_affectedRange&quot;:{&quot;unit&quot;:&quot;%&quot;,&quot;size&quot;:&quot;&quot;,&quot;sizes&quot;:{&quot;start&quot;:0,&quot;end&quot;:77}},&quot;motion_fx_devices&quot;:[&quot;desktop&quot;]}\" data-widget_type=\"image.default\">\n\t\t\t\t<div class=\"elementor-widget-container\">\n\t\t\t\t\t\t\t\t\t\t\t\t\t\t\t<img loading=\"lazy\" decoding=\"async\" width=\"768\" height=\"1024\" src=\"https:\/\/www.sommersocials.dk\/wp-content\/uploads\/2026\/04\/IMG_4001-768x1024.jpg\" class=\"attachment-large size-large wp-image-987860\" alt=\"\" srcset=\"https:\/\/www.sommersocials.dk\/wp-content\/uploads\/2026\/04\/IMG_4001-768x1024.jpg 768w, https:\/\/www.sommersocials.dk\/wp-content\/uploads\/2026\/04\/IMG_4001-225x300.jpg 225w, https:\/\/www.sommersocials.dk\/wp-content\/uploads\/2026\/04\/IMG_4001-1152x1536.jpg 1152w, https:\/\/www.sommersocials.dk\/wp-content\/uploads\/2026\/04\/IMG_4001.jpg 1536w\" sizes=\"(max-width: 768px) 100vw, 768px\" \/>\t\t\t\t\t\t\t\t\t\t\t\t\t\t\t<\/div>\n\t\t\t\t<\/div>\n\t\t\t\t\t<\/div>\n\t\t<\/div>\n\t\t\t\t\t<\/div>\n\t\t<\/section>\n\t\t\t\t<section class=\"elementor-section elementor-top-section elementor-element elementor-element-86f9181 elementor-section-boxed elementor-section-height-default elementor-section-height-default\" data-id=\"86f9181\" data-element_type=\"section\" data-e-type=\"section\">\n\t\t\t\t\t\t<div class=\"elementor-container elementor-column-gap-no\">\n\t\t\t\t\t<div class=\"elementor-column elementor-col-100 elementor-top-column elementor-element elementor-element-1a19618\" data-id=\"1a19618\" data-element_type=\"column\" data-e-type=\"column\">\n\t\t\t<div class=\"elementor-widget-wrap elementor-element-populated\">\n\t\t\t\t\t\t<div class=\"elementor-element elementor-element-e138979 elementor-skin-carousel elementor-arrows-yes elementor-widget elementor-widget-media-carousel\" data-id=\"e138979\" data-element_type=\"widget\" data-e-type=\"widget\" data-settings=\"{&quot;speed&quot;:600,&quot;lazyload&quot;:&quot;yes&quot;,&quot;space_between&quot;:{&quot;unit&quot;:&quot;px&quot;,&quot;size&quot;:65,&quot;sizes&quot;:[]},&quot;slides_per_view_tablet&quot;:&quot;3&quot;,&quot;space_between_tablet&quot;:{&quot;unit&quot;:&quot;px&quot;,&quot;size&quot;:0,&quot;sizes&quot;:[]},&quot;slides_per_view_mobile&quot;:&quot;2&quot;,&quot;space_between_mobile&quot;:{&quot;unit&quot;:&quot;px&quot;,&quot;size&quot;:0,&quot;sizes&quot;:[]},&quot;skin&quot;:&quot;carousel&quot;,&quot;effect&quot;:&quot;slide&quot;,&quot;show_arrows&quot;:&quot;yes&quot;,&quot;loop&quot;:&quot;yes&quot;}\" data-widget_type=\"media-carousel.default\">\n\t\t\t\t<div class=\"elementor-widget-container\">\n\t\t\t\t\t\t\t\t\t<div class=\"elementor-swiper\">\n\t\t\t\t\t<div class=\"elementor-main-swiper swiper\" role=\"region\" aria-roledescription=\"carousel\" aria-label=\"Slides\">\n\t\t\t\t<div class=\"swiper-wrapper\">\n\t\t\t\t\t\t\t\t\t\t\t<div class=\"swiper-slide\" role=\"group\" aria-roledescription=\"slide\">\n\t\t\t\t\t\t\t\t\t<div class=\"elementor-carousel-image swiper-lazy\" role=\"img\" aria-label=\"DCIM100MEDIADJI_0021.JPG\" data-background=\"https:\/\/www.sommersocials.dk\/wp-content\/uploads\/2026\/03\/DJI_0021-scaled.jpeg\">\n\n\t\t\t\t\t\t\t<div class=\"swiper-lazy-preloader\"><\/div>\n\t\t\t\n\t\t\t\t\t<\/div>\n\t\t\t\t\t\t\t\t<\/div>\n\t\t\t\t\t\t\t\t\t\t\t<div class=\"swiper-slide\" role=\"group\" aria-roledescription=\"slide\">\n\t\t\t\t\t\t\t\t\t<div class=\"elementor-carousel-image swiper-lazy\" role=\"img\" aria-label=\"DSC02843\" data-background=\"https:\/\/www.sommersocials.dk\/wp-content\/uploads\/2026\/03\/DSC02843.jpg\">\n\n\t\t\t\t\t\t\t<div class=\"swiper-lazy-preloader\"><\/div>\n\t\t\t\n\t\t\t\t\t<\/div>\n\t\t\t\t\t\t\t\t<\/div>\n\t\t\t\t\t\t\t\t\t\t\t<div class=\"swiper-slide\" role=\"group\" aria-roledescription=\"slide\">\n\t\t\t\t\t\t\t\t\t<div class=\"elementor-carousel-image swiper-lazy\" role=\"img\" aria-label=\"default\" data-background=\"https:\/\/www.sommersocials.dk\/wp-content\/uploads\/2026\/03\/dji_mimo_20251114_171610_20251114171611_1763243063369_photo-scaled.jpg\">\n\n\t\t\t\t\t\t\t<div class=\"swiper-lazy-preloader\"><\/div>\n\t\t\t\n\t\t\t\t\t<\/div>\n\t\t\t\t\t\t\t\t<\/div>\n\t\t\t\t\t\t\t\t\t<\/div>\n\t\t\t\t\t\t\t\t\t\t\t\t\t\t\t<div class=\"elementor-swiper-button elementor-swiper-button-prev\" role=\"button\" tabindex=\"0\" aria-label=\"Previous\">\n\t\t\t\t\t\t\t<i aria-hidden=\"true\" class=\"eicon-chevron-left\"><\/i>\t\t\t\t\t\t<\/div>\n\t\t\t\t\t\t<div class=\"elementor-swiper-button elementor-swiper-button-next\" role=\"button\" tabindex=\"0\" aria-label=\"Next\">\n\t\t\t\t\t\t\t<i aria-hidden=\"true\" class=\"eicon-chevron-right\"><\/i>\t\t\t\t\t\t<\/div>\n\t\t\t\t\t\t\t\t\t\t\t\t\t\t\t\t\t<\/div>\n\t\t\t\t<\/div>\n\t\t\t\t\t\t\t\t<\/div>\n\t\t\t\t<\/div>\n\t\t\t\t\t<\/div>\n\t\t<\/div>\n\t\t\t\t\t<\/div>\n\t\t<\/section>\n\t\t\t\t<\/div>\n\t\t","protected":false},"excerpt":{"rendered":"<p>Om Sommer Socials Sommer Socials er stiftet og drevet af Frederik Sommer, med afs\u00e6t i en st\u00e6rk baggrund fra Skage Fiskerestaurant \u2013 et brand kendt for sin kompromisl\u00f8se tilgang til kvalitet og g\u00e6steoplevelser. Med en solid forst\u00e5else for hospitality og respekt for de klassiske dyder, kombineret med et skarpt blik fpr udviklingen i markedet, er&#8230;<\/p>\n","protected":false},"author":1,"featured_media":0,"parent":0,"menu_order":0,"comment_status":"closed","ping_status":"closed","template":"","meta":{"footnotes":""},"class_list":["post-5687","page","type-page","status-publish","hentry"],"_links":{"self":[{"href":"https:\/\/www.sommersocials.dk\/index.php?rest_route=\/wp\/v2\/pages\/5687","targetHints":{"allow":["GET"]}}],"collection":[{"href":"https:\/\/www.sommersocials.dk\/index.php?rest_route=\/wp\/v2\/pages"}],"about":[{"href":"https:\/\/www.sommersocials.dk\/index.php?rest_route=\/wp\/v2\/types\/page"}],"author":[{"embeddable":true,"href":"https:\/\/www.sommersocials.dk\/index.php?rest_route=\/wp\/v2\/users\/1"}],"replies":[{"embeddable":true,"href":"https:\/\/www.sommersocials.dk\/index.php?rest_route=%2Fwp%2Fv2%2Fcomments&post=5687"}],"version-history":[{"count":11,"href":"https:\/\/www.sommersocials.dk\/index.php?rest_route=\/wp\/v2\/pages\/5687\/revisions"}],"predecessor-version":[{"id":987936,"href":"https:\/\/www.sommersocials.dk\/index.php?rest_route=\/wp\/v2\/pages\/5687\/revisions\/987936"}],"wp:attachment":[{"href":"https:\/\/www.sommersocials.dk\/index.php?rest_route=%2Fwp%2Fv2%2Fmedia&parent=5687"}],"curies":[{"name":"wp","href":"https:\/\/api.w.org\/{rel}","templated":true}]}}