{"id":987914,"date":"2026-04-07T23:26:17","date_gmt":"2026-04-07T23:26:17","guid":{"rendered":"https:\/\/www.sommersocials.dk\/?page_id=987914"},"modified":"2026-04-07T23:36:33","modified_gmt":"2026-04-07T23:36:33","slug":"samarbejde","status":"publish","type":"page","link":"https:\/\/www.sommersocials.dk\/?page_id=987914","title":{"rendered":"Samarbejde"},"content":{"rendered":"\t\t<div data-elementor-type=\"wp-page\" data-elementor-id=\"987914\" class=\"elementor elementor-987914\" data-elementor-post-type=\"page\">\n\t\t\t\t\t\t<section class=\"elementor-section elementor-top-section elementor-element elementor-element-1b689e7 elementor-section-boxed elementor-section-height-default elementor-section-height-default\" data-id=\"1b689e7\" data-element_type=\"section\" data-e-type=\"section\">\n\t\t\t\t\t\t<div class=\"elementor-container elementor-column-gap-no\">\n\t\t\t\t\t<div class=\"elementor-column elementor-col-50 elementor-top-column elementor-element elementor-element-eb10472\" data-id=\"eb10472\" data-element_type=\"column\" data-e-type=\"column\">\n\t\t\t<div class=\"elementor-widget-wrap elementor-element-populated\">\n\t\t\t\t\t\t<div class=\"elementor-element elementor-element-e7298f0 elementor-widget elementor-widget-image\" data-id=\"e7298f0\" data-element_type=\"widget\" data-e-type=\"widget\" data-widget_type=\"image.default\">\n\t\t\t\t<div class=\"elementor-widget-container\">\n\t\t\t\t\t\t\t\t\t\t\t\t\t\t\t<img fetchpriority=\"high\" decoding=\"async\" width=\"768\" height=\"1024\" src=\"https:\/\/www.sommersocials.dk\/wp-content\/uploads\/2026\/03\/att.mkupQGghz3y3gvTvqhODfibs5rPwUlkT-QdCw9ikCW4-768x1024.jpg\" class=\"attachment-large size-large wp-image-987754\" alt=\"\" srcset=\"https:\/\/www.sommersocials.dk\/wp-content\/uploads\/2026\/03\/att.mkupQGghz3y3gvTvqhODfibs5rPwUlkT-QdCw9ikCW4-768x1024.jpg 768w, https:\/\/www.sommersocials.dk\/wp-content\/uploads\/2026\/03\/att.mkupQGghz3y3gvTvqhODfibs5rPwUlkT-QdCw9ikCW4-225x300.jpg 225w, https:\/\/www.sommersocials.dk\/wp-content\/uploads\/2026\/03\/att.mkupQGghz3y3gvTvqhODfibs5rPwUlkT-QdCw9ikCW4-1152x1536.jpg 1152w, https:\/\/www.sommersocials.dk\/wp-content\/uploads\/2026\/03\/att.mkupQGghz3y3gvTvqhODfibs5rPwUlkT-QdCw9ikCW4.jpg 1536w\" sizes=\"(max-width: 768px) 100vw, 768px\" \/>\t\t\t\t\t\t\t\t\t\t\t\t\t\t\t<\/div>\n\t\t\t\t<\/div>\n\t\t\t\t\t<\/div>\n\t\t<\/div>\n\t\t\t\t<div class=\"elementor-column elementor-col-50 elementor-top-column elementor-element elementor-element-798a8c3\" data-id=\"798a8c3\" data-element_type=\"column\" data-e-type=\"column\">\n\t\t\t<div class=\"elementor-widget-wrap elementor-element-populated\">\n\t\t\t\t\t\t<div class=\"elementor-element elementor-element-2dea179 elementor-view-default elementor-invisible elementor-widget elementor-widget-icon\" data-id=\"2dea179\" data-element_type=\"widget\" data-e-type=\"widget\" data-settings=\"{&quot;_animation&quot;:&quot;pulse&quot;,&quot;_animation_tablet&quot;:&quot;none&quot;,&quot;_animation_delay&quot;:200}\" data-widget_type=\"icon.default\">\n\t\t\t\t<div class=\"elementor-widget-container\">\n\t\t\t\t\t\t\t<div class=\"elementor-icon-wrapper\">\n\t\t\t<div class=\"elementor-icon\">\n\t\t\t<i aria-hidden=\"true\" class=\"vamtamtheme- vamtam-theme-Ornament-line\"><\/i>\t\t\t<\/div>\n\t\t<\/div>\n\t\t\t\t\t\t<\/div>\n\t\t\t\t<\/div>\n\t\t\t\t<div class=\"elementor-element elementor-element-e3607d3 elementor-invisible elementor-widget elementor-widget-heading\" data-id=\"e3607d3\" data-element_type=\"widget\" data-e-type=\"widget\" data-settings=\"{&quot;_animation&quot;:&quot;fadeIn&quot;,&quot;_animation_tablet&quot;:&quot;none&quot;,&quot;_animation_delay&quot;:400}\" data-widget_type=\"heading.default\">\n\t\t\t\t<div class=\"elementor-widget-container\">\n\t\t\t\t\t<h2 class=\"elementor-heading-title elementor-size-default\">Samarbejde<\/h2>\t\t\t\t<\/div>\n\t\t\t\t<\/div>\n\t\t\t\t<div class=\"vamtam-has-theme-widget-styles elementor-element elementor-element-23506e7 elementor-widget__width-initial elementor-widget elementor-widget-text-editor\" data-id=\"23506e7\" data-element_type=\"widget\" data-e-type=\"widget\" data-widget_type=\"text-editor.default\">\n\t\t\t\t<div class=\"elementor-widget-container\">\n\t\t\t\t\t\t\t\t\t<p>Sommer Socials samarbejder med akt\u00f8rer, der \u00f8nsker at skabe noget, der skiller sig ud.<br \/><br \/>Viarbejder med kokke, restauranter, venues, brands, artister og kreative profiler, der deler vores tilgang til kvalitet, \u00e6stetik og oplevelse.<br \/>Sammen udvikler vi formater, der g\u00e5r ud over det forventelige \u2013 og skaber oplevelser, der bliver husket.<\/p>\t\t\t\t\t\t\t\t<\/div>\n\t\t\t\t<\/div>\n\t\t\t\t<div class=\"vamtam-has-theme-widget-styles elementor-element elementor-element-3ca0d7c elementor-align-center vamtam-has-underline-anim elementor-widget elementor-widget-button\" data-id=\"3ca0d7c\" data-element_type=\"widget\" data-e-type=\"widget\" data-widget_type=\"button.default\">\n\t\t\t\t<div class=\"elementor-widget-container\">\n\t\t\t\t\t\t\t\t\t<div class=\"elementor-button-wrapper\">\n\t\t\t\t\t<a class=\"elementor-button elementor-button-link elementor-size-sm\" href=\"#\">\n\t\t\t\t\t\t<span class=\"elementor-button-content-wrapper\">\n\t\t\t\t\t\t<span class=\"elementor-button-icon\">\n\t\t\t\t<i aria-hidden=\"true\" class=\"vamtamtheme- vamtam-theme-arrow-cta\"><\/i>\t\t\t<\/span>\n\t\t\t\t\t\t\t\t\t<span class=\"elementor-button-text\">Kontakt<\/span>\n\t\t\t\t\t<\/span>\n\t\t\t\t\t<\/a>\n\t\t\t\t<\/div>\n\t\t\t\t\t\t\t\t<\/div>\n\t\t\t\t<\/div>\n\t\t\t\t\t<\/div>\n\t\t<\/div>\n\t\t\t\t\t<\/div>\n\t\t<\/section>\n\t\t\t\t<section class=\"elementor-section elementor-top-section elementor-element elementor-element-b5256e2 elementor-section-height-min-height elementor-section-boxed elementor-section-height-default elementor-section-items-middle\" data-id=\"b5256e2\" data-element_type=\"section\" data-e-type=\"section\">\n\t\t\t\t\t\t<div class=\"elementor-container elementor-column-gap-no\">\n\t\t\t\t\t<div class=\"elementor-column elementor-col-50 elementor-top-column elementor-element elementor-element-ac1acd8\" data-id=\"ac1acd8\" data-element_type=\"column\" data-e-type=\"column\">\n\t\t\t<div class=\"elementor-widget-wrap elementor-element-populated\">\n\t\t\t\t\t\t<div class=\"vamtam-has-theme-widget-styles elementor-element elementor-element-91877e1 elementor-widget__width-initial elementor-widget elementor-widget-text-editor\" data-id=\"91877e1\" data-element_type=\"widget\" data-e-type=\"widget\" data-widget_type=\"text-editor.default\">\n\t\t\t\t<div class=\"elementor-widget-container\">\n\t\t\t\t\t\t\t\t\t<p>Et sted hvor man ikke bare eksponeres \u2013 men opleves.<br \/><br \/>Vi s\u00f8ger ikke volumen.<br \/>Vi s\u00f8ger det rette match.<br \/><br \/>Hvis du \u00f8nsker at skabe noget unikt og n\u00e5 ud til de rigtige mennesker, s\u00e5 er vi klar til at tage dialogen.<\/p>\t\t\t\t\t\t\t\t<\/div>\n\t\t\t\t<\/div>\n\t\t\t\t<div class=\"vamtam-has-theme-widget-styles elementor-element elementor-element-cca9e15 vamtam-has-underline-anim elementor-widget elementor-widget-button\" data-id=\"cca9e15\" data-element_type=\"widget\" data-e-type=\"widget\" data-widget_type=\"button.default\">\n\t\t\t\t<div class=\"elementor-widget-container\">\n\t\t\t\t\t\t\t\t\t<div class=\"elementor-button-wrapper\">\n\t\t\t\t\t<a class=\"elementor-button elementor-button-link elementor-size-sm\" href=\"#\">\n\t\t\t\t\t\t<span class=\"elementor-button-content-wrapper\">\n\t\t\t\t\t\t<span class=\"elementor-button-icon\">\n\t\t\t\t<i aria-hidden=\"true\" class=\"vamtamtheme- vamtam-theme-arrow-cta\"><\/i>\t\t\t<\/span>\n\t\t\t\t\t\t\t\t\t<span class=\"elementor-button-text\">Kontakt<\/span>\n\t\t\t\t\t<\/span>\n\t\t\t\t\t<\/a>\n\t\t\t\t<\/div>\n\t\t\t\t\t\t\t\t<\/div>\n\t\t\t\t<\/div>\n\t\t\t\t\t<\/div>\n\t\t<\/div>\n\t\t\t\t<div class=\"elementor-column elementor-col-50 elementor-top-column elementor-element elementor-element-c95d4b2\" data-id=\"c95d4b2\" data-element_type=\"column\" data-e-type=\"column\">\n\t\t\t<div class=\"elementor-widget-wrap elementor-element-populated\">\n\t\t\t\t\t\t<div class=\"elementor-element elementor-element-b2cc257 elementor-widget__width-initial elementor-absolute elementor-hidden-tablet elementor-hidden-mobile elementor-view-default elementor-widget elementor-widget-icon\" data-id=\"b2cc257\" data-element_type=\"widget\" data-e-type=\"widget\" data-settings=\"{&quot;_position&quot;:&quot;absolute&quot;,&quot;motion_fx_motion_fx_scrolling&quot;:&quot;yes&quot;,&quot;motion_fx_translateY_effect&quot;:&quot;yes&quot;,&quot;motion_fx_translateY_direction&quot;:&quot;negative&quot;,&quot;motion_fx_translateY_speed&quot;:{&quot;unit&quot;:&quot;px&quot;,&quot;size&quot;:1,&quot;sizes&quot;:[]},&quot;motion_fx_translateY_affectedRange&quot;:{&quot;unit&quot;:&quot;%&quot;,&quot;size&quot;:&quot;&quot;,&quot;sizes&quot;:{&quot;start&quot;:0,&quot;end&quot;:62}},&quot;motion_fx_devices&quot;:[&quot;desktop&quot;]}\" data-widget_type=\"icon.default\">\n\t\t\t\t<div class=\"elementor-widget-container\">\n\t\t\t\t\t\t\t<div class=\"elementor-icon-wrapper\">\n\t\t\t<div class=\"elementor-icon\">\n\t\t\t<svg xmlns=\"http:\/\/www.w3.org\/2000\/svg\" xmlns:xlink=\"http:\/\/www.w3.org\/1999\/xlink\" width=\"42px\" height=\"391px\" viewBox=\"0 0 42 391\"><title>border-left<\/title><g id=\"Homes\" stroke=\"none\" stroke-width=\"1\" fill=\"none\" fill-rule=\"evenodd\"><g id=\"New-Home-V3\" transform=\"translate(-345.000000, -1767.000000)\" fill=\"#CF4D2D\" fill-rule=\"nonzero\"><g id=\"About\" transform=\"translate(-441.000000, 1345.000000)\"><g id=\"Group-12\" transform=\"translate(0.000000, 363.000000)\"><g id=\"border-left\" transform=\"translate(807.000000, 254.500000) scale(-1, -1) translate(-807.000000, -254.500000) translate(786.000000, 59.000000)\"><path d=\"M31,4 L31,5 L0,5 L0,4 L31,4 Z M37.5,0 L42,4.5 L37.5,9 L33,4.5 L37.5,0 Z M38,391 L37,391 L37,11 L38,11 L38,391 Z\" id=\"Combined-Shape\"><\/path><\/g><\/g><\/g><\/g><\/g><\/svg>\t\t\t<\/div>\n\t\t<\/div>\n\t\t\t\t\t\t<\/div>\n\t\t\t\t<\/div>\n\t\t\t\t<div class=\"elementor-element elementor-element-8d404a2 elementor-widget__width-auto elementor-widget-tablet__width-initial elementor-widget elementor-widget-image\" data-id=\"8d404a2\" data-element_type=\"widget\" data-e-type=\"widget\" data-widget_type=\"image.default\">\n\t\t\t\t<div class=\"elementor-widget-container\">\n\t\t\t\t\t\t\t\t\t\t\t\t\t\t\t<img decoding=\"async\" width=\"768\" height=\"1024\" src=\"https:\/\/www.sommersocials.dk\/wp-content\/uploads\/2025\/08\/IMG_4450-768x1024.jpg\" class=\"attachment-large size-large wp-image-78\" alt=\"\" srcset=\"https:\/\/www.sommersocials.dk\/wp-content\/uploads\/2025\/08\/IMG_4450-768x1024.jpg 768w, https:\/\/www.sommersocials.dk\/wp-content\/uploads\/2025\/08\/IMG_4450-225x300.jpg 225w, https:\/\/www.sommersocials.dk\/wp-content\/uploads\/2025\/08\/IMG_4450-1152x1536.jpg 1152w, https:\/\/www.sommersocials.dk\/wp-content\/uploads\/2025\/08\/IMG_4450-1536x2048.jpg 1536w, https:\/\/www.sommersocials.dk\/wp-content\/uploads\/2025\/08\/IMG_4450-scaled.jpg 1920w\" sizes=\"(max-width: 768px) 100vw, 768px\" \/>\t\t\t\t\t\t\t\t\t\t\t\t\t\t\t<\/div>\n\t\t\t\t<\/div>\n\t\t\t\t<div class=\"elementor-element elementor-element-0e049dd elementor-widget__width-initial elementor-absolute elementor-hidden-tablet elementor-hidden-mobile elementor-view-default elementor-widget elementor-widget-icon\" data-id=\"0e049dd\" data-element_type=\"widget\" data-e-type=\"widget\" data-settings=\"{&quot;_position&quot;:&quot;absolute&quot;,&quot;motion_fx_motion_fx_scrolling&quot;:&quot;yes&quot;,&quot;motion_fx_translateY_effect&quot;:&quot;yes&quot;,&quot;motion_fx_translateY_speed&quot;:{&quot;unit&quot;:&quot;px&quot;,&quot;size&quot;:1,&quot;sizes&quot;:[]},&quot;motion_fx_translateY_affectedRange&quot;:{&quot;unit&quot;:&quot;%&quot;,&quot;size&quot;:&quot;&quot;,&quot;sizes&quot;:{&quot;start&quot;:32,&quot;end&quot;:96}},&quot;motion_fx_devices&quot;:[&quot;desktop&quot;]}\" data-widget_type=\"icon.default\">\n\t\t\t\t<div class=\"elementor-widget-container\">\n\t\t\t\t\t\t\t<div class=\"elementor-icon-wrapper\">\n\t\t\t<div class=\"elementor-icon\">\n\t\t\t<svg xmlns=\"http:\/\/www.w3.org\/2000\/svg\" xmlns:xlink=\"http:\/\/www.w3.org\/1999\/xlink\" width=\"42px\" height=\"391px\" viewBox=\"0 0 42 391\"><title>border-right<\/title><g id=\"Homes\" stroke=\"none\" stroke-width=\"1\" fill=\"none\" fill-rule=\"evenodd\"><g id=\"New-Home-V3\" transform=\"translate(-1054.000000, -1708.000000)\" fill=\"#CF4D2D\" fill-rule=\"nonzero\"><g id=\"About\" transform=\"translate(-441.000000, 1345.000000)\"><g id=\"Group-12\" transform=\"translate(0.000000, 363.000000)\"><g id=\"border-right\" transform=\"translate(1495.000000, 0.000000)\"><path d=\"M31,4 L31,5 L0,5 L0,4 L31,4 Z M37.5,0 L42,4.5 L37.5,9 L33,4.5 L37.5,0 Z M38,391 L37,391 L37,11 L38,11 L38,391 Z\" id=\"Combined-Shape\"><\/path><\/g><\/g><\/g><\/g><\/g><\/svg>\t\t\t<\/div>\n\t\t<\/div>\n\t\t\t\t\t\t<\/div>\n\t\t\t\t<\/div>\n\t\t\t\t\t<\/div>\n\t\t<\/div>\n\t\t\t\t\t<\/div>\n\t\t<\/section>\n\t\t\t\t<section class=\"elementor-section elementor-top-section elementor-element elementor-element-1d14989 elementor-section-boxed elementor-section-height-default elementor-section-height-default\" data-id=\"1d14989\" data-element_type=\"section\" data-e-type=\"section\">\n\t\t\t\t\t\t<div class=\"elementor-container elementor-column-gap-no\">\n\t\t\t\t\t<div class=\"elementor-column elementor-col-100 elementor-top-column elementor-element elementor-element-2648657\" data-id=\"2648657\" data-element_type=\"column\" data-e-type=\"column\">\n\t\t\t<div class=\"elementor-widget-wrap elementor-element-populated\">\n\t\t\t\t\t\t<div class=\"elementor-element elementor-element-963116f elementor-skin-carousel elementor-widget elementor-widget-media-carousel\" data-id=\"963116f\" data-element_type=\"widget\" data-e-type=\"widget\" data-settings=\"{&quot;slides_per_view&quot;:&quot;4&quot;,&quot;speed&quot;:600,&quot;lazyload&quot;:&quot;yes&quot;,&quot;space_between&quot;:{&quot;unit&quot;:&quot;px&quot;,&quot;size&quot;:-1,&quot;sizes&quot;:[]},&quot;slides_to_scroll&quot;:&quot;1&quot;,&quot;slides_per_view_tablet&quot;:&quot;3&quot;,&quot;space_between_tablet&quot;:{&quot;unit&quot;:&quot;px&quot;,&quot;size&quot;:0,&quot;sizes&quot;:[]},&quot;slides_per_view_mobile&quot;:&quot;2&quot;,&quot;space_between_mobile&quot;:{&quot;unit&quot;:&quot;px&quot;,&quot;size&quot;:0,&quot;sizes&quot;:[]},&quot;skin&quot;:&quot;carousel&quot;,&quot;effect&quot;:&quot;slide&quot;,&quot;loop&quot;:&quot;yes&quot;}\" data-widget_type=\"media-carousel.default\">\n\t\t\t\t<div class=\"elementor-widget-container\">\n\t\t\t\t\t\t\t\t\t<div class=\"elementor-swiper\">\n\t\t\t\t\t<div class=\"elementor-main-swiper swiper\" role=\"region\" aria-roledescription=\"carousel\" aria-label=\"Slides\">\n\t\t\t\t<div class=\"swiper-wrapper\">\n\t\t\t\t\t\t\t\t\t\t\t<div class=\"swiper-slide\" role=\"group\" aria-roledescription=\"slide\">\n\t\t\t\t\t\t\t\t\t<div class=\"elementor-carousel-image swiper-lazy\" role=\"img\" aria-label=\"DSC02776\" data-background=\"https:\/\/www.sommersocials.dk\/wp-content\/uploads\/2026\/03\/DSC02776.jpg\">\n\n\t\t\t\t\t\t\t<div class=\"swiper-lazy-preloader\"><\/div>\n\t\t\t\n\t\t\t\t\t<\/div>\n\t\t\t\t\t\t\t\t<\/div>\n\t\t\t\t\t\t\t\t\t\t\t<div class=\"swiper-slide\" role=\"group\" aria-roledescription=\"slide\">\n\t\t\t\t\t\t\t\t\t<div class=\"elementor-carousel-image swiper-lazy\" role=\"img\" aria-label=\"DSC02850\" data-background=\"https:\/\/www.sommersocials.dk\/wp-content\/uploads\/2026\/03\/DSC02850.jpg\">\n\n\t\t\t\t\t\t\t<div class=\"swiper-lazy-preloader\"><\/div>\n\t\t\t\n\t\t\t\t\t<\/div>\n\t\t\t\t\t\t\t\t<\/div>\n\t\t\t\t\t\t\t\t\t\t\t<div class=\"swiper-slide\" role=\"group\" aria-roledescription=\"slide\">\n\t\t\t\t\t\t\t\t\t<div class=\"elementor-carousel-image swiper-lazy\" role=\"img\" aria-label=\"att.mF52CiY6M36QD3DlpdGp5BFcR4rk3mMhgIP6orns2GU\" data-background=\"https:\/\/www.sommersocials.dk\/wp-content\/uploads\/2026\/03\/att.mF52CiY6M36QD3DlpdGp5BFcR4rk3mMhgIP6orns2GU.jpg\">\n\n\t\t\t\t\t\t\t<div class=\"swiper-lazy-preloader\"><\/div>\n\t\t\t\n\t\t\t\t\t<\/div>\n\t\t\t\t\t\t\t\t<\/div>\n\t\t\t\t\t\t\t\t\t\t\t<div class=\"swiper-slide\" role=\"group\" aria-roledescription=\"slide\">\n\t\t\t\t\t\t\t\t\t<div class=\"elementor-carousel-image swiper-lazy\" role=\"img\" aria-label=\"default\" data-background=\"https:\/\/www.sommersocials.dk\/wp-content\/uploads\/2026\/03\/dji_mimo_20251114_171508_20251114171508_1763243044048_photo-scaled.jpg\">\n\n\t\t\t\t\t\t\t<div class=\"swiper-lazy-preloader\"><\/div>\n\t\t\t\n\t\t\t\t\t<\/div>\n\t\t\t\t\t\t\t\t<\/div>\n\t\t\t\t\t\t\t\t\t\t\t<div class=\"swiper-slide\" role=\"group\" aria-roledescription=\"slide\">\n\t\t\t\t\t\t\t\t\t<div class=\"elementor-carousel-image swiper-lazy\" role=\"img\" aria-label=\"att.mkupQGghz3y3gvTvqhODfibs5rPwUlkT-QdCw9ikCW4\" data-background=\"https:\/\/www.sommersocials.dk\/wp-content\/uploads\/2026\/03\/att.mkupQGghz3y3gvTvqhODfibs5rPwUlkT-QdCw9ikCW4.jpg\">\n\n\t\t\t\t\t\t\t<div class=\"swiper-lazy-preloader\"><\/div>\n\t\t\t\n\t\t\t\t\t<\/div>\n\t\t\t\t\t\t\t\t<\/div>\n\t\t\t\t\t\t\t\t\t\t\t<div class=\"swiper-slide\" role=\"group\" aria-roledescription=\"slide\">\n\t\t\t\t\t\t\t\t\t<div class=\"elementor-carousel-image swiper-lazy\" role=\"img\" aria-label=\"IMG_1151\" data-background=\"https:\/\/www.sommersocials.dk\/wp-content\/uploads\/2026\/03\/IMG_1151.jpg\">\n\n\t\t\t\t\t\t\t<div class=\"swiper-lazy-preloader\"><\/div>\n\t\t\t\n\t\t\t\t\t<\/div>\n\t\t\t\t\t\t\t\t<\/div>\n\t\t\t\t\t\t\t\t\t\t\t<div class=\"swiper-slide\" role=\"group\" aria-roledescription=\"slide\">\n\t\t\t\t\t\t\t\t\t<div class=\"elementor-carousel-image swiper-lazy\" role=\"img\" aria-label=\"IMG_7435\" data-background=\"https:\/\/www.sommersocials.dk\/wp-content\/uploads\/2026\/03\/IMG_7435.jpg\">\n\n\t\t\t\t\t\t\t<div class=\"swiper-lazy-preloader\"><\/div>\n\t\t\t\n\t\t\t\t\t<\/div>\n\t\t\t\t\t\t\t\t<\/div>\n\t\t\t\t\t\t\t\t\t<\/div>\n\t\t\t\t\t\t\t\t\t\t\t\t\t\t\t\t\t\t\t\t\t<\/div>\n\t\t\t\t<\/div>\n\t\t\t\t\t\t\t\t<\/div>\n\t\t\t\t<\/div>\n\t\t\t\t\t<\/div>\n\t\t<\/div>\n\t\t\t\t\t<\/div>\n\t\t<\/section>\n\t\t\t\t<\/div>\n\t\t","protected":false},"excerpt":{"rendered":"<p>Samarbejde Sommer Socials samarbejder med akt\u00f8rer, der \u00f8nsker at skabe noget, der skiller sig ud. Viarbejder med kokke, restauranter, venues, brands, artister og kreative profiler, der deler vores tilgang til kvalitet, \u00e6stetik og oplevelse.Sammen udvikler vi formater, der g\u00e5r ud over det forventelige \u2013 og skaber oplevelser, der bliver husket. Kontakt Et sted hvor man&#8230;<\/p>\n","protected":false},"author":1,"featured_media":0,"parent":0,"menu_order":0,"comment_status":"closed","ping_status":"closed","template":"","meta":{"footnotes":""},"class_list":["post-987914","page","type-page","status-publish","hentry"],"_links":{"self":[{"href":"https:\/\/www.sommersocials.dk\/index.php?rest_route=\/wp\/v2\/pages\/987914","targetHints":{"allow":["GET"]}}],"collection":[{"href":"https:\/\/www.sommersocials.dk\/index.php?rest_route=\/wp\/v2\/pages"}],"about":[{"href":"https:\/\/www.sommersocials.dk\/index.php?rest_route=\/wp\/v2\/types\/page"}],"author":[{"embeddable":true,"href":"https:\/\/www.sommersocials.dk\/index.php?rest_route=\/wp\/v2\/users\/1"}],"replies":[{"embeddable":true,"href":"https:\/\/www.sommersocials.dk\/index.php?rest_route=%2Fwp%2Fv2%2Fcomments&post=987914"}],"version-history":[{"count":4,"href":"https:\/\/www.sommersocials.dk\/index.php?rest_route=\/wp\/v2\/pages\/987914\/revisions"}],"predecessor-version":[{"id":987923,"href":"https:\/\/www.sommersocials.dk\/index.php?rest_route=\/wp\/v2\/pages\/987914\/revisions\/987923"}],"wp:attachment":[{"href":"https:\/\/www.sommersocials.dk\/index.php?rest_route=%2Fwp%2Fv2%2Fmedia&parent=987914"}],"curies":[{"name":"wp","href":"https:\/\/api.w.org\/{rel}","templated":true}]}}